{"id":1379,"date":"2021-02-24T10:05:10","date_gmt":"2021-02-24T09:05:10","guid":{"rendered":"https:\/\/www.christines-store.com\/?page_id=1379"},"modified":"2021-12-13T17:34:20","modified_gmt":"2021-12-13T16:34:20","slug":"e-shop","status":"publish","type":"page","link":"https:\/\/www.christines-store.com\/en\/e-shop\/","title":{"rendered":"E-shop"},"content":{"rendered":"<div class=\"wpb-content-wrapper\"><p>[vc_row][vc_column][vc_raw_html]JTVCcHJvZHVjdF9jYXRlZ29yaWVzJTIwY29sdW1ucyUzRCUyMjIlMjIlNUQ=[\/vc_raw_html][\/vc_column][\/vc_row][vc_row][vc_column]<div id=\"ultimate-heading-405269df305371e3a\" class=\"uvc-heading ult-adjust-bottom-margin ultimate-heading-405269df305371e3a uvc-2542 \" data-hspacer=\"no_spacer\"  data-halign=\"center\" style=\"text-align:center\"><div class=\"uvc-heading-spacer no_spacer\" style=\"top\"><\/div><div class=\"uvc-main-heading ult-responsive\"  data-ultimate-target='.uvc-heading.ultimate-heading-405269df305371e3a h2'  data-responsive-json-new='{\"font-size\":\"\",\"line-height\":\"\"}' ><h2 style=\"font-weight:normal;\">New products<\/h2><\/div><\/div>[vc_empty_space][vc_raw_html]JTVCcmVjZW50X3Byb2R1Y3RzJTIwbGltaXQlM0QlMjI2JTIyJTIwY29sdW1zJTNEJTIyMyUyMiUyMG9yZGVyYnklM0QlMjJyYW5kJTIyJTVE[\/vc_raw_html][\/vc_column][\/vc_row]<\/p>\n<\/div>","protected":false},"excerpt":{"rendered":"<p>[vc_row][vc_column][vc_raw_html]JTVCcHJvZHVjdF9jYXRlZ29yaWVzJTIwY29sdW1ucyUzRCUyMjIlMjIlNUQ=[\/vc_raw_html][\/vc_column][\/vc_row][vc_row][vc_column][vc_empty_space][vc_raw_html]JTVCcmVjZW50X3Byb2R1Y3RzJTIwbGltaXQlM0QlMjI2JTIyJTIwY29sdW1zJTNEJTIyMyUyMiUyMG9yZGVyYnklM0QlMjJyYW5kJTIyJTVE[\/vc_raw_html][\/vc_column][\/vc_row]<\/p>\n","protected":false},"author":1,"featured_media":0,"parent":0,"menu_order":0,"comment_status":"closed","ping_status":"closed","template":"","meta":{"_acf_changed":false,"footnotes":""},"class_list":["post-1379","page","type-page","status-publish","hentry","description-off"],"acf":[],"yoast_head":"<!-- This site is optimized with the Yoast SEO plugin v27.3 - https:\/\/yoast.com\/product\/yoast-seo-wordpress\/ -->\n<title>E-shop - Christine<\/title>\n<meta name=\"description\" content=\"Christine&#039;s propose une s\u00e9lection d&#039;accessoires de mode et bijoux r\u00e9alis\u00e9s par des designers internationaux du moyen gamme au haut de gamme\" \/>\n<meta name=\"robots\" content=\"index, follow, max-snippet:-1, max-image-preview:large, max-video-preview:-1\" \/>\n<link rel=\"canonical\" href=\"https:\/\/www.christines-store.com\/en\/e-shop\/\" \/>\n<meta property=\"og:locale\" content=\"en_US\" \/>\n<meta property=\"og:type\" content=\"article\" \/>\n<meta property=\"og:title\" content=\"E-shop - Christine\" \/>\n<meta property=\"og:description\" content=\"Christine&#039;s propose une s\u00e9lection d&#039;accessoires de mode et bijoux r\u00e9alis\u00e9s par des designers internationaux du moyen gamme au haut de gamme\" \/>\n<meta property=\"og:url\" content=\"https:\/\/www.christines-store.com\/en\/e-shop\/\" \/>\n<meta property=\"og:site_name\" content=\"Christine\" \/>\n<meta property=\"article:modified_time\" content=\"2021-12-13T16:34:20+00:00\" \/>\n<meta name=\"twitter:card\" content=\"summary_large_image\" \/>\n<meta name=\"twitter:label1\" content=\"Est. reading time\" \/>\n\t<meta name=\"twitter:data1\" content=\"1 minute\" \/>\n<script type=\"application\/ld+json\" class=\"yoast-schema-graph\">{\"@context\":\"https:\\\/\\\/schema.org\",\"@graph\":[{\"@type\":\"WebPage\",\"@id\":\"https:\\\/\\\/www.christines-store.com\\\/en\\\/e-shop\\\/\",\"url\":\"https:\\\/\\\/www.christines-store.com\\\/en\\\/e-shop\\\/\",\"name\":\"E-shop - Christine\",\"isPartOf\":{\"@id\":\"https:\\\/\\\/www.christines-store.com\\\/en\\\/#website\"},\"datePublished\":\"2021-02-24T09:05:10+00:00\",\"dateModified\":\"2021-12-13T16:34:20+00:00\",\"description\":\"Christine's propose une s\u00e9lection d'accessoires de mode et bijoux r\u00e9alis\u00e9s par des designers internationaux du moyen gamme au haut de gamme\",\"breadcrumb\":{\"@id\":\"https:\\\/\\\/www.christines-store.com\\\/en\\\/e-shop\\\/#breadcrumb\"},\"inLanguage\":\"en-US\",\"potentialAction\":[{\"@type\":\"ReadAction\",\"target\":[\"https:\\\/\\\/www.christines-store.com\\\/en\\\/e-shop\\\/\"]}]},{\"@type\":\"BreadcrumbList\",\"@id\":\"https:\\\/\\\/www.christines-store.com\\\/en\\\/e-shop\\\/#breadcrumb\",\"itemListElement\":[{\"@type\":\"ListItem\",\"position\":1,\"name\":\"Accueil\",\"item\":\"https:\\\/\\\/www.christines-store.com\\\/en\\\/\"},{\"@type\":\"ListItem\",\"position\":2,\"name\":\"E-shop\"}]},{\"@type\":\"WebSite\",\"@id\":\"https:\\\/\\\/www.christines-store.com\\\/en\\\/#website\",\"url\":\"https:\\\/\\\/www.christines-store.com\\\/en\\\/\",\"name\":\"Christine\",\"description\":\"Un site utilisant WordPress\",\"publisher\":{\"@id\":\"https:\\\/\\\/www.christines-store.com\\\/en\\\/#organization\"},\"potentialAction\":[{\"@type\":\"SearchAction\",\"target\":{\"@type\":\"EntryPoint\",\"urlTemplate\":\"https:\\\/\\\/www.christines-store.com\\\/en\\\/?s={search_term_string}\"},\"query-input\":{\"@type\":\"PropertyValueSpecification\",\"valueRequired\":true,\"valueName\":\"search_term_string\"}}],\"inLanguage\":\"en-US\"},{\"@type\":\"Organization\",\"@id\":\"https:\\\/\\\/www.christines-store.com\\\/en\\\/#organization\",\"name\":\"Christine's\",\"url\":\"https:\\\/\\\/www.christines-store.com\\\/en\\\/\",\"logo\":{\"@type\":\"ImageObject\",\"inLanguage\":\"en-US\",\"@id\":\"https:\\\/\\\/www.christines-store.com\\\/en\\\/#\\\/schema\\\/logo\\\/image\\\/\",\"url\":\"https:\\\/\\\/www.christines-store.com\\\/wp-content\\\/uploads\\\/2021\\\/03\\\/mobile-retina.png\",\"contentUrl\":\"https:\\\/\\\/www.christines-store.com\\\/wp-content\\\/uploads\\\/2021\\\/03\\\/mobile-retina.png\",\"width\":353,\"height\":60,\"caption\":\"Christine's\"},\"image\":{\"@id\":\"https:\\\/\\\/www.christines-store.com\\\/en\\\/#\\\/schema\\\/logo\\\/image\\\/\"}}]}<\/script>\n<!-- \/ Yoast SEO plugin. -->","yoast_head_json":{"title":"E-shop - Christine","description":"Christine's propose une s\u00e9lection d'accessoires de mode et bijoux r\u00e9alis\u00e9s par des designers internationaux du moyen gamme au haut de gamme","robots":{"index":"index","follow":"follow","max-snippet":"max-snippet:-1","max-image-preview":"max-image-preview:large","max-video-preview":"max-video-preview:-1"},"canonical":"https:\/\/www.christines-store.com\/en\/e-shop\/","og_locale":"en_US","og_type":"article","og_title":"E-shop - Christine","og_description":"Christine's propose une s\u00e9lection d'accessoires de mode et bijoux r\u00e9alis\u00e9s par des designers internationaux du moyen gamme au haut de gamme","og_url":"https:\/\/www.christines-store.com\/en\/e-shop\/","og_site_name":"Christine","article_modified_time":"2021-12-13T16:34:20+00:00","twitter_card":"summary_large_image","twitter_misc":{"Est. reading time":"1 minute"},"schema":{"@context":"https:\/\/schema.org","@graph":[{"@type":"WebPage","@id":"https:\/\/www.christines-store.com\/en\/e-shop\/","url":"https:\/\/www.christines-store.com\/en\/e-shop\/","name":"E-shop - Christine","isPartOf":{"@id":"https:\/\/www.christines-store.com\/en\/#website"},"datePublished":"2021-02-24T09:05:10+00:00","dateModified":"2021-12-13T16:34:20+00:00","description":"Christine's propose une s\u00e9lection d'accessoires de mode et bijoux r\u00e9alis\u00e9s par des designers internationaux du moyen gamme au haut de gamme","breadcrumb":{"@id":"https:\/\/www.christines-store.com\/en\/e-shop\/#breadcrumb"},"inLanguage":"en-US","potentialAction":[{"@type":"ReadAction","target":["https:\/\/www.christines-store.com\/en\/e-shop\/"]}]},{"@type":"BreadcrumbList","@id":"https:\/\/www.christines-store.com\/en\/e-shop\/#breadcrumb","itemListElement":[{"@type":"ListItem","position":1,"name":"Accueil","item":"https:\/\/www.christines-store.com\/en\/"},{"@type":"ListItem","position":2,"name":"E-shop"}]},{"@type":"WebSite","@id":"https:\/\/www.christines-store.com\/en\/#website","url":"https:\/\/www.christines-store.com\/en\/","name":"Christine","description":"Un site utilisant WordPress","publisher":{"@id":"https:\/\/www.christines-store.com\/en\/#organization"},"potentialAction":[{"@type":"SearchAction","target":{"@type":"EntryPoint","urlTemplate":"https:\/\/www.christines-store.com\/en\/?s={search_term_string}"},"query-input":{"@type":"PropertyValueSpecification","valueRequired":true,"valueName":"search_term_string"}}],"inLanguage":"en-US"},{"@type":"Organization","@id":"https:\/\/www.christines-store.com\/en\/#organization","name":"Christine's","url":"https:\/\/www.christines-store.com\/en\/","logo":{"@type":"ImageObject","inLanguage":"en-US","@id":"https:\/\/www.christines-store.com\/en\/#\/schema\/logo\/image\/","url":"https:\/\/www.christines-store.com\/wp-content\/uploads\/2021\/03\/mobile-retina.png","contentUrl":"https:\/\/www.christines-store.com\/wp-content\/uploads\/2021\/03\/mobile-retina.png","width":353,"height":60,"caption":"Christine's"},"image":{"@id":"https:\/\/www.christines-store.com\/en\/#\/schema\/logo\/image\/"}}]}},"_links":{"self":[{"href":"https:\/\/www.christines-store.com\/en\/wp-json\/wp\/v2\/pages\/1379","targetHints":{"allow":["GET"]}}],"collection":[{"href":"https:\/\/www.christines-store.com\/en\/wp-json\/wp\/v2\/pages"}],"about":[{"href":"https:\/\/www.christines-store.com\/en\/wp-json\/wp\/v2\/types\/page"}],"author":[{"embeddable":true,"href":"https:\/\/www.christines-store.com\/en\/wp-json\/wp\/v2\/users\/1"}],"replies":[{"embeddable":true,"href":"https:\/\/www.christines-store.com\/en\/wp-json\/wp\/v2\/comments?post=1379"}],"version-history":[{"count":0,"href":"https:\/\/www.christines-store.com\/en\/wp-json\/wp\/v2\/pages\/1379\/revisions"}],"wp:attachment":[{"href":"https:\/\/www.christines-store.com\/en\/wp-json\/wp\/v2\/media?parent=1379"}],"curies":[{"name":"wp","href":"https:\/\/api.w.org\/{rel}","templated":true}]}}